{"id":3663,"date":"2023-10-31T12:10:23","date_gmt":"2023-10-31T12:10:23","guid":{"rendered":"https:\/\/alsys-int.com\/production\/"},"modified":"2024-02-09T12:31:52","modified_gmt":"2024-02-09T12:31:52","slug":"production","status":"publish","type":"page","link":"https:\/\/alsys-int.com\/es\/production\/","title":{"rendered":"Producci\u00f3n"},"content":{"rendered":"","protected":false},"excerpt":{"rendered":"","protected":false},"author":1,"featured_media":0,"parent":0,"menu_order":0,"comment_status":"closed","ping_status":"closed","template":"templates\/forwho-template.php","meta":{"_acf_changed":false,"inline_featured_image":false,"footnotes":""},"class_list":["post-3663","page","type-page","status-publish","hentry"],"acf":[],"yoast_head":"<!-- This site is optimized with the Yoast SEO Premium plugin v23.5 (Yoast SEO v27.1.1) - https:\/\/yoast.com\/product\/yoast-seo-premium-wordpress\/ -->\n<title>Efficiency and Digitialization in Producci\u00f3n - Alsys International<\/title>\n<meta name=\"description\" content=\"Crear eficiencia y digitalizaci\u00f3n en las instalaciones de producci\u00f3n a trav\u00e9s de robots de laboratorio automatizados de Alsys International.\" \/>\n<meta name=\"robots\" content=\"index, follow, max-snippet:-1, max-image-preview:large, max-video-preview:-1\" \/>\n<link rel=\"canonical\" href=\"https:\/\/alsys-int.com\/es\/production\/\" \/>\n<meta property=\"og:locale\" content=\"es_ES\" \/>\n<meta property=\"og:type\" content=\"article\" \/>\n<meta property=\"og:title\" content=\"Producci\u00f3n\" \/>\n<meta property=\"og:description\" content=\"Crear eficiencia y digitalizaci\u00f3n en las instalaciones de producci\u00f3n a trav\u00e9s de robots de laboratorio automatizados de Alsys International.\" \/>\n<meta property=\"og:url\" content=\"https:\/\/alsys-int.com\/es\/production\/\" \/>\n<meta property=\"og:site_name\" content=\"Alsys International\" \/>\n<meta property=\"article:publisher\" content=\"https:\/\/www.facebook.com\/@alsysinternational\" \/>\n<meta property=\"article:modified_time\" content=\"2024-02-09T12:31:52+00:00\" \/>\n<meta name=\"twitter:card\" content=\"summary_large_image\" \/>\n<script type=\"application\/ld+json\" class=\"yoast-schema-graph\">{\"@context\":\"https:\/\/schema.org\",\"@graph\":[{\"@type\":\"WebPage\",\"@id\":\"https:\/\/alsys-int.com\/es\/production\/\",\"url\":\"https:\/\/alsys-int.com\/es\/production\/\",\"name\":\"Efficiency and Digitialization in Producci\u00f3n - Alsys International\",\"isPartOf\":{\"@id\":\"https:\/\/alsys-int.com\/#website\"},\"datePublished\":\"2023-10-31T12:10:23+00:00\",\"dateModified\":\"2024-02-09T12:31:52+00:00\",\"description\":\"Crear eficiencia y digitalizaci\u00f3n en las instalaciones de producci\u00f3n a trav\u00e9s de robots de laboratorio automatizados de Alsys International.\",\"breadcrumb\":{\"@id\":\"https:\/\/alsys-int.com\/es\/production\/#breadcrumb\"},\"inLanguage\":\"es\",\"potentialAction\":[{\"@type\":\"ReadAction\",\"target\":[\"https:\/\/alsys-int.com\/es\/production\/\"]}]},{\"@type\":\"BreadcrumbList\",\"@id\":\"https:\/\/alsys-int.com\/es\/production\/#breadcrumb\",\"itemListElement\":[{\"@type\":\"ListItem\",\"position\":1,\"name\":\"Home\",\"item\":\"https:\/\/alsys-int.com\/es\/\"},{\"@type\":\"ListItem\",\"position\":2,\"name\":\"Producci\u00f3n\"}]},{\"@type\":\"WebSite\",\"@id\":\"https:\/\/alsys-int.com\/#website\",\"url\":\"https:\/\/alsys-int.com\/\",\"name\":\"Alsys International\",\"description\":\"Innovative Laboratory Robots\",\"publisher\":{\"@id\":\"https:\/\/alsys-int.com\/#organization\"},\"potentialAction\":[{\"@type\":\"SearchAction\",\"target\":{\"@type\":\"EntryPoint\",\"urlTemplate\":\"https:\/\/alsys-int.com\/?s={search_term_string}\"},\"query-input\":{\"@type\":\"PropertyValueSpecification\",\"valueRequired\":true,\"valueName\":\"search_term_string\"}}],\"inLanguage\":\"es\"},{\"@type\":\"Organization\",\"@id\":\"https:\/\/alsys-int.com\/#organization\",\"name\":\"Alsys International\",\"url\":\"https:\/\/alsys-int.com\/\",\"logo\":{\"@type\":\"ImageObject\",\"inLanguage\":\"es\",\"@id\":\"https:\/\/alsys-int.com\/#\/schema\/logo\/image\/\",\"url\":\"https:\/\/alsys-int.com\/wp-content\/uploads\/2024\/01\/cropped-ALSYS-Logo-1.png\",\"contentUrl\":\"https:\/\/alsys-int.com\/wp-content\/uploads\/2024\/01\/cropped-ALSYS-Logo-1.png\",\"width\":1723,\"height\":1027,\"caption\":\"Alsys International\"},\"image\":{\"@id\":\"https:\/\/alsys-int.com\/#\/schema\/logo\/image\/\"},\"sameAs\":[\"https:\/\/www.facebook.com\/@alsysinternational\",\"https:\/\/www.linkedin.com\/company\/alsys-international\/\"]}]}<\/script>\n<!-- \/ Yoast SEO Premium plugin. -->","yoast_head_json":{"title":"Efficiency and Digitialization in Producci\u00f3n - Alsys International","description":"Crear eficiencia y digitalizaci\u00f3n en las instalaciones de producci\u00f3n a trav\u00e9s de robots de laboratorio automatizados de Alsys International.","robots":{"index":"index","follow":"follow","max-snippet":"max-snippet:-1","max-image-preview":"max-image-preview:large","max-video-preview":"max-video-preview:-1"},"canonical":"https:\/\/alsys-int.com\/es\/production\/","og_locale":"es_ES","og_type":"article","og_title":"Producci\u00f3n","og_description":"Crear eficiencia y digitalizaci\u00f3n en las instalaciones de producci\u00f3n a trav\u00e9s de robots de laboratorio automatizados de Alsys International.","og_url":"https:\/\/alsys-int.com\/es\/production\/","og_site_name":"Alsys International","article_publisher":"https:\/\/www.facebook.com\/@alsysinternational","article_modified_time":"2024-02-09T12:31:52+00:00","twitter_card":"summary_large_image","schema":{"@context":"https:\/\/schema.org","@graph":[{"@type":"WebPage","@id":"https:\/\/alsys-int.com\/es\/production\/","url":"https:\/\/alsys-int.com\/es\/production\/","name":"Efficiency and Digitialization in Producci\u00f3n - Alsys International","isPartOf":{"@id":"https:\/\/alsys-int.com\/#website"},"datePublished":"2023-10-31T12:10:23+00:00","dateModified":"2024-02-09T12:31:52+00:00","description":"Crear eficiencia y digitalizaci\u00f3n en las instalaciones de producci\u00f3n a trav\u00e9s de robots de laboratorio automatizados de Alsys International.","breadcrumb":{"@id":"https:\/\/alsys-int.com\/es\/production\/#breadcrumb"},"inLanguage":"es","potentialAction":[{"@type":"ReadAction","target":["https:\/\/alsys-int.com\/es\/production\/"]}]},{"@type":"BreadcrumbList","@id":"https:\/\/alsys-int.com\/es\/production\/#breadcrumb","itemListElement":[{"@type":"ListItem","position":1,"name":"Home","item":"https:\/\/alsys-int.com\/es\/"},{"@type":"ListItem","position":2,"name":"Producci\u00f3n"}]},{"@type":"WebSite","@id":"https:\/\/alsys-int.com\/#website","url":"https:\/\/alsys-int.com\/","name":"Alsys International","description":"Innovative Laboratory Robots","publisher":{"@id":"https:\/\/alsys-int.com\/#organization"},"potentialAction":[{"@type":"SearchAction","target":{"@type":"EntryPoint","urlTemplate":"https:\/\/alsys-int.com\/?s={search_term_string}"},"query-input":{"@type":"PropertyValueSpecification","valueRequired":true,"valueName":"search_term_string"}}],"inLanguage":"es"},{"@type":"Organization","@id":"https:\/\/alsys-int.com\/#organization","name":"Alsys International","url":"https:\/\/alsys-int.com\/","logo":{"@type":"ImageObject","inLanguage":"es","@id":"https:\/\/alsys-int.com\/#\/schema\/logo\/image\/","url":"https:\/\/alsys-int.com\/wp-content\/uploads\/2024\/01\/cropped-ALSYS-Logo-1.png","contentUrl":"https:\/\/alsys-int.com\/wp-content\/uploads\/2024\/01\/cropped-ALSYS-Logo-1.png","width":1723,"height":1027,"caption":"Alsys International"},"image":{"@id":"https:\/\/alsys-int.com\/#\/schema\/logo\/image\/"},"sameAs":["https:\/\/www.facebook.com\/@alsysinternational","https:\/\/www.linkedin.com\/company\/alsys-international\/"]}]}},"_links":{"self":[{"href":"https:\/\/alsys-int.com\/es\/wp-json\/wp\/v2\/pages\/3663","targetHints":{"allow":["GET"]}}],"collection":[{"href":"https:\/\/alsys-int.com\/es\/wp-json\/wp\/v2\/pages"}],"about":[{"href":"https:\/\/alsys-int.com\/es\/wp-json\/wp\/v2\/types\/page"}],"author":[{"embeddable":true,"href":"https:\/\/alsys-int.com\/es\/wp-json\/wp\/v2\/users\/1"}],"replies":[{"embeddable":true,"href":"https:\/\/alsys-int.com\/es\/wp-json\/wp\/v2\/comments?post=3663"}],"version-history":[{"count":2,"href":"https:\/\/alsys-int.com\/es\/wp-json\/wp\/v2\/pages\/3663\/revisions"}],"predecessor-version":[{"id":3666,"href":"https:\/\/alsys-int.com\/es\/wp-json\/wp\/v2\/pages\/3663\/revisions\/3666"}],"wp:attachment":[{"href":"https:\/\/alsys-int.com\/es\/wp-json\/wp\/v2\/media?parent=3663"}],"curies":[{"name":"wp","href":"https:\/\/api.w.org\/{rel}","templated":true}]}}