{"id":3575,"date":"2024-01-05T07:44:19","date_gmt":"2024-01-05T07:44:19","guid":{"rendered":"https:\/\/alsys-int.com\/chemical\/"},"modified":"2024-02-09T10:41:08","modified_gmt":"2024-02-09T10:41:08","slug":"chimique","status":"publish","type":"page","link":"https:\/\/alsys-int.com\/fr\/chimique\/","title":{"rendered":"Chimique"},"content":{"rendered":"","protected":false},"excerpt":{"rendered":"","protected":false},"author":2,"featured_media":0,"parent":0,"menu_order":0,"comment_status":"closed","ping_status":"closed","template":"templates\/industry-template.php","meta":{"_acf_changed":false,"inline_featured_image":false,"footnotes":""},"class_list":["post-3575","page","type-page","status-publish","hentry"],"acf":[],"yoast_head":"<!-- This site is optimized with the Yoast SEO Premium plugin v23.5 (Yoast SEO v27.1.1) - https:\/\/yoast.com\/product\/yoast-seo-premium-wordpress\/ -->\n<title>titrage automatis\u00e9 pour l&#039;industrie Chimique - Alsys International<\/title>\n<meta name=\"description\" content=\"Robots d&#039;automatisation de laboratoire pour l&#039;industrie analytique. Automatisation de la pr\u00e9paration des \u00e9chantillons avec dosage liquide, dilution et titrage chauff\u00e9.\" \/>\n<meta name=\"robots\" content=\"index, follow, max-snippet:-1, max-image-preview:large, max-video-preview:-1\" \/>\n<link rel=\"canonical\" href=\"https:\/\/alsys-int.com\/fr\/chimique\/\" \/>\n<meta property=\"og:locale\" content=\"fr_FR\" \/>\n<meta property=\"og:type\" content=\"article\" \/>\n<meta property=\"og:title\" content=\"Chimique\" \/>\n<meta property=\"og:description\" content=\"Robots d&#039;automatisation de laboratoire pour l&#039;industrie analytique. Automatisation de la pr\u00e9paration des \u00e9chantillons avec dosage liquide, dilution et titrage chauff\u00e9.\" \/>\n<meta property=\"og:url\" content=\"https:\/\/alsys-int.com\/fr\/chimique\/\" \/>\n<meta property=\"og:site_name\" content=\"Alsys International\" \/>\n<meta property=\"article:publisher\" content=\"https:\/\/www.facebook.com\/@alsysinternational\" \/>\n<meta property=\"article:modified_time\" content=\"2024-02-09T10:41:08+00:00\" \/>\n<meta name=\"twitter:card\" content=\"summary_large_image\" \/>\n<script type=\"application\/ld+json\" class=\"yoast-schema-graph\">{\"@context\":\"https:\/\/schema.org\",\"@graph\":[{\"@type\":\"WebPage\",\"@id\":\"https:\/\/alsys-int.com\/fr\/chimique\/\",\"url\":\"https:\/\/alsys-int.com\/fr\/chimique\/\",\"name\":\"titrage automatis\u00e9 pour l'industrie Chimique - Alsys International\",\"isPartOf\":{\"@id\":\"https:\/\/alsys-int.com\/#website\"},\"datePublished\":\"2024-01-05T07:44:19+00:00\",\"dateModified\":\"2024-02-09T10:41:08+00:00\",\"description\":\"Robots d'automatisation de laboratoire pour l'industrie analytique. Automatisation de la pr\u00e9paration des \u00e9chantillons avec dosage liquide, dilution et titrage chauff\u00e9.\",\"breadcrumb\":{\"@id\":\"https:\/\/alsys-int.com\/fr\/chimique\/#breadcrumb\"},\"inLanguage\":\"fr-FR\",\"potentialAction\":[{\"@type\":\"ReadAction\",\"target\":[\"https:\/\/alsys-int.com\/fr\/chimique\/\"]}]},{\"@type\":\"BreadcrumbList\",\"@id\":\"https:\/\/alsys-int.com\/fr\/chimique\/#breadcrumb\",\"itemListElement\":[{\"@type\":\"ListItem\",\"position\":1,\"name\":\"Home\",\"item\":\"https:\/\/alsys-int.com\/fr\/\"},{\"@type\":\"ListItem\",\"position\":2,\"name\":\"Chimique\"}]},{\"@type\":\"WebSite\",\"@id\":\"https:\/\/alsys-int.com\/#website\",\"url\":\"https:\/\/alsys-int.com\/\",\"name\":\"Alsys International\",\"description\":\"Innovative Laboratory Robots\",\"publisher\":{\"@id\":\"https:\/\/alsys-int.com\/#organization\"},\"potentialAction\":[{\"@type\":\"SearchAction\",\"target\":{\"@type\":\"EntryPoint\",\"urlTemplate\":\"https:\/\/alsys-int.com\/?s={search_term_string}\"},\"query-input\":{\"@type\":\"PropertyValueSpecification\",\"valueRequired\":true,\"valueName\":\"search_term_string\"}}],\"inLanguage\":\"fr-FR\"},{\"@type\":\"Organization\",\"@id\":\"https:\/\/alsys-int.com\/#organization\",\"name\":\"Alsys International\",\"url\":\"https:\/\/alsys-int.com\/\",\"logo\":{\"@type\":\"ImageObject\",\"inLanguage\":\"fr-FR\",\"@id\":\"https:\/\/alsys-int.com\/#\/schema\/logo\/image\/\",\"url\":\"https:\/\/alsys-int.com\/wp-content\/uploads\/2024\/01\/cropped-ALSYS-Logo-1.png\",\"contentUrl\":\"https:\/\/alsys-int.com\/wp-content\/uploads\/2024\/01\/cropped-ALSYS-Logo-1.png\",\"width\":1723,\"height\":1027,\"caption\":\"Alsys International\"},\"image\":{\"@id\":\"https:\/\/alsys-int.com\/#\/schema\/logo\/image\/\"},\"sameAs\":[\"https:\/\/www.facebook.com\/@alsysinternational\",\"https:\/\/www.linkedin.com\/company\/alsys-international\/\"]}]}<\/script>\n<!-- \/ Yoast SEO Premium plugin. -->","yoast_head_json":{"title":"titrage automatis\u00e9 pour l'industrie Chimique - Alsys International","description":"Robots d'automatisation de laboratoire pour l'industrie analytique. Automatisation de la pr\u00e9paration des \u00e9chantillons avec dosage liquide, dilution et titrage chauff\u00e9.","robots":{"index":"index","follow":"follow","max-snippet":"max-snippet:-1","max-image-preview":"max-image-preview:large","max-video-preview":"max-video-preview:-1"},"canonical":"https:\/\/alsys-int.com\/fr\/chimique\/","og_locale":"fr_FR","og_type":"article","og_title":"Chimique","og_description":"Robots d'automatisation de laboratoire pour l'industrie analytique. Automatisation de la pr\u00e9paration des \u00e9chantillons avec dosage liquide, dilution et titrage chauff\u00e9.","og_url":"https:\/\/alsys-int.com\/fr\/chimique\/","og_site_name":"Alsys International","article_publisher":"https:\/\/www.facebook.com\/@alsysinternational","article_modified_time":"2024-02-09T10:41:08+00:00","twitter_card":"summary_large_image","schema":{"@context":"https:\/\/schema.org","@graph":[{"@type":"WebPage","@id":"https:\/\/alsys-int.com\/fr\/chimique\/","url":"https:\/\/alsys-int.com\/fr\/chimique\/","name":"titrage automatis\u00e9 pour l'industrie Chimique - Alsys International","isPartOf":{"@id":"https:\/\/alsys-int.com\/#website"},"datePublished":"2024-01-05T07:44:19+00:00","dateModified":"2024-02-09T10:41:08+00:00","description":"Robots d'automatisation de laboratoire pour l'industrie analytique. Automatisation de la pr\u00e9paration des \u00e9chantillons avec dosage liquide, dilution et titrage chauff\u00e9.","breadcrumb":{"@id":"https:\/\/alsys-int.com\/fr\/chimique\/#breadcrumb"},"inLanguage":"fr-FR","potentialAction":[{"@type":"ReadAction","target":["https:\/\/alsys-int.com\/fr\/chimique\/"]}]},{"@type":"BreadcrumbList","@id":"https:\/\/alsys-int.com\/fr\/chimique\/#breadcrumb","itemListElement":[{"@type":"ListItem","position":1,"name":"Home","item":"https:\/\/alsys-int.com\/fr\/"},{"@type":"ListItem","position":2,"name":"Chimique"}]},{"@type":"WebSite","@id":"https:\/\/alsys-int.com\/#website","url":"https:\/\/alsys-int.com\/","name":"Alsys International","description":"Innovative Laboratory Robots","publisher":{"@id":"https:\/\/alsys-int.com\/#organization"},"potentialAction":[{"@type":"SearchAction","target":{"@type":"EntryPoint","urlTemplate":"https:\/\/alsys-int.com\/?s={search_term_string}"},"query-input":{"@type":"PropertyValueSpecification","valueRequired":true,"valueName":"search_term_string"}}],"inLanguage":"fr-FR"},{"@type":"Organization","@id":"https:\/\/alsys-int.com\/#organization","name":"Alsys International","url":"https:\/\/alsys-int.com\/","logo":{"@type":"ImageObject","inLanguage":"fr-FR","@id":"https:\/\/alsys-int.com\/#\/schema\/logo\/image\/","url":"https:\/\/alsys-int.com\/wp-content\/uploads\/2024\/01\/cropped-ALSYS-Logo-1.png","contentUrl":"https:\/\/alsys-int.com\/wp-content\/uploads\/2024\/01\/cropped-ALSYS-Logo-1.png","width":1723,"height":1027,"caption":"Alsys International"},"image":{"@id":"https:\/\/alsys-int.com\/#\/schema\/logo\/image\/"},"sameAs":["https:\/\/www.facebook.com\/@alsysinternational","https:\/\/www.linkedin.com\/company\/alsys-international\/"]}]}},"_links":{"self":[{"href":"https:\/\/alsys-int.com\/fr\/wp-json\/wp\/v2\/pages\/3575","targetHints":{"allow":["GET"]}}],"collection":[{"href":"https:\/\/alsys-int.com\/fr\/wp-json\/wp\/v2\/pages"}],"about":[{"href":"https:\/\/alsys-int.com\/fr\/wp-json\/wp\/v2\/types\/page"}],"author":[{"embeddable":true,"href":"https:\/\/alsys-int.com\/fr\/wp-json\/wp\/v2\/users\/2"}],"replies":[{"embeddable":true,"href":"https:\/\/alsys-int.com\/fr\/wp-json\/wp\/v2\/comments?post=3575"}],"version-history":[{"count":2,"href":"https:\/\/alsys-int.com\/fr\/wp-json\/wp\/v2\/pages\/3575\/revisions"}],"predecessor-version":[{"id":3631,"href":"https:\/\/alsys-int.com\/fr\/wp-json\/wp\/v2\/pages\/3575\/revisions\/3631"}],"wp:attachment":[{"href":"https:\/\/alsys-int.com\/fr\/wp-json\/wp\/v2\/media?parent=3575"}],"curies":[{"name":"wp","href":"https:\/\/api.w.org\/{rel}","templated":true}]}}