{"id":3578,"date":"2024-01-07T12:40:20","date_gmt":"2024-01-07T12:40:20","guid":{"rendered":"https:\/\/alsys-int.com\/mining\/"},"modified":"2024-02-09T10:46:24","modified_gmt":"2024-02-09T10:46:24","slug":"mining","status":"publish","type":"page","link":"https:\/\/alsys-int.com\/fr\/mining\/","title":{"rendered":"Exploitation mini\u00e8re"},"content":{"rendered":"","protected":false},"excerpt":{"rendered":"","protected":false},"author":2,"featured_media":0,"parent":0,"menu_order":0,"comment_status":"closed","ping_status":"closed","template":"templates\/industry-template.php","meta":{"_acf_changed":false,"inline_featured_image":false,"footnotes":""},"class_list":["post-3578","page","type-page","status-publish","hentry"],"acf":[],"yoast_head":"<!-- This site is optimized with the Yoast SEO Premium plugin v23.5 (Yoast SEO v27.1.1) - https:\/\/yoast.com\/product\/yoast-seo-premium-wordpress\/ -->\n<title>Robots de laboratoire pour l&#039;exploitation mini\u00e8re des min\u00e9raux - Alsys International<\/title>\n<meta name=\"description\" content=\"Analyse mini\u00e8re pour les analyses min\u00e9rales automatis\u00e9es avec le robot de laboratoire pour l&#039;automatisation de la pr\u00e9paration des \u00e9chantillons, y compris la chromatographie ionique.\" \/>\n<meta name=\"robots\" content=\"index, follow, max-snippet:-1, max-image-preview:large, max-video-preview:-1\" \/>\n<link rel=\"canonical\" href=\"https:\/\/alsys-int.com\/fr\/mining\/\" \/>\n<meta property=\"og:locale\" content=\"fr_FR\" \/>\n<meta property=\"og:type\" content=\"article\" \/>\n<meta property=\"og:title\" content=\"Exploitation mini\u00e8re\" \/>\n<meta property=\"og:description\" content=\"Analyse mini\u00e8re pour les analyses min\u00e9rales automatis\u00e9es avec le robot de laboratoire pour l&#039;automatisation de la pr\u00e9paration des \u00e9chantillons, y compris la chromatographie ionique.\" \/>\n<meta property=\"og:url\" content=\"https:\/\/alsys-int.com\/fr\/mining\/\" \/>\n<meta property=\"og:site_name\" content=\"Alsys International\" \/>\n<meta property=\"article:publisher\" content=\"https:\/\/www.facebook.com\/@alsysinternational\" \/>\n<meta property=\"article:modified_time\" content=\"2024-02-09T10:46:24+00:00\" \/>\n<meta name=\"twitter:card\" content=\"summary_large_image\" \/>\n<script type=\"application\/ld+json\" class=\"yoast-schema-graph\">{\"@context\":\"https:\/\/schema.org\",\"@graph\":[{\"@type\":\"WebPage\",\"@id\":\"https:\/\/alsys-int.com\/fr\/mining\/\",\"url\":\"https:\/\/alsys-int.com\/fr\/mining\/\",\"name\":\"Robots de laboratoire pour l'exploitation mini\u00e8re des min\u00e9raux - Alsys International\",\"isPartOf\":{\"@id\":\"https:\/\/alsys-int.com\/#website\"},\"datePublished\":\"2024-01-07T12:40:20+00:00\",\"dateModified\":\"2024-02-09T10:46:24+00:00\",\"description\":\"Analyse mini\u00e8re pour les analyses min\u00e9rales automatis\u00e9es avec le robot de laboratoire pour l'automatisation de la pr\u00e9paration des \u00e9chantillons, y compris la chromatographie ionique.\",\"breadcrumb\":{\"@id\":\"https:\/\/alsys-int.com\/fr\/mining\/#breadcrumb\"},\"inLanguage\":\"fr-FR\",\"potentialAction\":[{\"@type\":\"ReadAction\",\"target\":[\"https:\/\/alsys-int.com\/fr\/mining\/\"]}]},{\"@type\":\"BreadcrumbList\",\"@id\":\"https:\/\/alsys-int.com\/fr\/mining\/#breadcrumb\",\"itemListElement\":[{\"@type\":\"ListItem\",\"position\":1,\"name\":\"Home\",\"item\":\"https:\/\/alsys-int.com\/fr\/\"},{\"@type\":\"ListItem\",\"position\":2,\"name\":\"Exploitation mini\u00e8re\"}]},{\"@type\":\"WebSite\",\"@id\":\"https:\/\/alsys-int.com\/#website\",\"url\":\"https:\/\/alsys-int.com\/\",\"name\":\"Alsys International\",\"description\":\"Innovative Laboratory Robots\",\"publisher\":{\"@id\":\"https:\/\/alsys-int.com\/#organization\"},\"potentialAction\":[{\"@type\":\"SearchAction\",\"target\":{\"@type\":\"EntryPoint\",\"urlTemplate\":\"https:\/\/alsys-int.com\/?s={search_term_string}\"},\"query-input\":{\"@type\":\"PropertyValueSpecification\",\"valueRequired\":true,\"valueName\":\"search_term_string\"}}],\"inLanguage\":\"fr-FR\"},{\"@type\":\"Organization\",\"@id\":\"https:\/\/alsys-int.com\/#organization\",\"name\":\"Alsys International\",\"url\":\"https:\/\/alsys-int.com\/\",\"logo\":{\"@type\":\"ImageObject\",\"inLanguage\":\"fr-FR\",\"@id\":\"https:\/\/alsys-int.com\/#\/schema\/logo\/image\/\",\"url\":\"https:\/\/alsys-int.com\/wp-content\/uploads\/2024\/01\/cropped-ALSYS-Logo-1.png\",\"contentUrl\":\"https:\/\/alsys-int.com\/wp-content\/uploads\/2024\/01\/cropped-ALSYS-Logo-1.png\",\"width\":1723,\"height\":1027,\"caption\":\"Alsys International\"},\"image\":{\"@id\":\"https:\/\/alsys-int.com\/#\/schema\/logo\/image\/\"},\"sameAs\":[\"https:\/\/www.facebook.com\/@alsysinternational\",\"https:\/\/www.linkedin.com\/company\/alsys-international\/\"]}]}<\/script>\n<!-- \/ Yoast SEO Premium plugin. -->","yoast_head_json":{"title":"Robots de laboratoire pour l'exploitation mini\u00e8re des min\u00e9raux - Alsys International","description":"Analyse mini\u00e8re pour les analyses min\u00e9rales automatis\u00e9es avec le robot de laboratoire pour l'automatisation de la pr\u00e9paration des \u00e9chantillons, y compris la chromatographie ionique.","robots":{"index":"index","follow":"follow","max-snippet":"max-snippet:-1","max-image-preview":"max-image-preview:large","max-video-preview":"max-video-preview:-1"},"canonical":"https:\/\/alsys-int.com\/fr\/mining\/","og_locale":"fr_FR","og_type":"article","og_title":"Exploitation mini\u00e8re","og_description":"Analyse mini\u00e8re pour les analyses min\u00e9rales automatis\u00e9es avec le robot de laboratoire pour l'automatisation de la pr\u00e9paration des \u00e9chantillons, y compris la chromatographie ionique.","og_url":"https:\/\/alsys-int.com\/fr\/mining\/","og_site_name":"Alsys International","article_publisher":"https:\/\/www.facebook.com\/@alsysinternational","article_modified_time":"2024-02-09T10:46:24+00:00","twitter_card":"summary_large_image","schema":{"@context":"https:\/\/schema.org","@graph":[{"@type":"WebPage","@id":"https:\/\/alsys-int.com\/fr\/mining\/","url":"https:\/\/alsys-int.com\/fr\/mining\/","name":"Robots de laboratoire pour l'exploitation mini\u00e8re des min\u00e9raux - Alsys International","isPartOf":{"@id":"https:\/\/alsys-int.com\/#website"},"datePublished":"2024-01-07T12:40:20+00:00","dateModified":"2024-02-09T10:46:24+00:00","description":"Analyse mini\u00e8re pour les analyses min\u00e9rales automatis\u00e9es avec le robot de laboratoire pour l'automatisation de la pr\u00e9paration des \u00e9chantillons, y compris la chromatographie ionique.","breadcrumb":{"@id":"https:\/\/alsys-int.com\/fr\/mining\/#breadcrumb"},"inLanguage":"fr-FR","potentialAction":[{"@type":"ReadAction","target":["https:\/\/alsys-int.com\/fr\/mining\/"]}]},{"@type":"BreadcrumbList","@id":"https:\/\/alsys-int.com\/fr\/mining\/#breadcrumb","itemListElement":[{"@type":"ListItem","position":1,"name":"Home","item":"https:\/\/alsys-int.com\/fr\/"},{"@type":"ListItem","position":2,"name":"Exploitation mini\u00e8re"}]},{"@type":"WebSite","@id":"https:\/\/alsys-int.com\/#website","url":"https:\/\/alsys-int.com\/","name":"Alsys International","description":"Innovative Laboratory Robots","publisher":{"@id":"https:\/\/alsys-int.com\/#organization"},"potentialAction":[{"@type":"SearchAction","target":{"@type":"EntryPoint","urlTemplate":"https:\/\/alsys-int.com\/?s={search_term_string}"},"query-input":{"@type":"PropertyValueSpecification","valueRequired":true,"valueName":"search_term_string"}}],"inLanguage":"fr-FR"},{"@type":"Organization","@id":"https:\/\/alsys-int.com\/#organization","name":"Alsys International","url":"https:\/\/alsys-int.com\/","logo":{"@type":"ImageObject","inLanguage":"fr-FR","@id":"https:\/\/alsys-int.com\/#\/schema\/logo\/image\/","url":"https:\/\/alsys-int.com\/wp-content\/uploads\/2024\/01\/cropped-ALSYS-Logo-1.png","contentUrl":"https:\/\/alsys-int.com\/wp-content\/uploads\/2024\/01\/cropped-ALSYS-Logo-1.png","width":1723,"height":1027,"caption":"Alsys International"},"image":{"@id":"https:\/\/alsys-int.com\/#\/schema\/logo\/image\/"},"sameAs":["https:\/\/www.facebook.com\/@alsysinternational","https:\/\/www.linkedin.com\/company\/alsys-international\/"]}]}},"_links":{"self":[{"href":"https:\/\/alsys-int.com\/fr\/wp-json\/wp\/v2\/pages\/3578","targetHints":{"allow":["GET"]}}],"collection":[{"href":"https:\/\/alsys-int.com\/fr\/wp-json\/wp\/v2\/pages"}],"about":[{"href":"https:\/\/alsys-int.com\/fr\/wp-json\/wp\/v2\/types\/page"}],"author":[{"embeddable":true,"href":"https:\/\/alsys-int.com\/fr\/wp-json\/wp\/v2\/users\/2"}],"replies":[{"embeddable":true,"href":"https:\/\/alsys-int.com\/fr\/wp-json\/wp\/v2\/comments?post=3578"}],"version-history":[{"count":3,"href":"https:\/\/alsys-int.com\/fr\/wp-json\/wp\/v2\/pages\/3578\/revisions"}],"predecessor-version":[{"id":3634,"href":"https:\/\/alsys-int.com\/fr\/wp-json\/wp\/v2\/pages\/3578\/revisions\/3634"}],"wp:attachment":[{"href":"https:\/\/alsys-int.com\/fr\/wp-json\/wp\/v2\/media?parent=3578"}],"curies":[{"name":"wp","href":"https:\/\/api.w.org\/{rel}","templated":true}]}}